{"id":94,"date":"2021-02-17T14:50:46","date_gmt":"2021-02-17T14:50:46","guid":{"rendered":"https:\/\/www.kay-hagen.de\/?page_id=94"},"modified":"2021-02-18T13:39:26","modified_gmt":"2021-02-18T13:39:26","slug":"ueber-uns","status":"publish","type":"page","link":"https:\/\/www.kay-hagen.de\/?page_id=94","title":{"rendered":"\u00dcber uns"},"content":{"rendered":"<div id=\"pl-gb94-6a05b434dd248\"  class=\"panel-layout\" ><div id=\"pg-gb94-6a05b434dd248-0\"  class=\"panel-grid panel-no-style\"  data-style=\"{&quot;background_image_attachment&quot;:false,&quot;background_display&quot;:&quot;tile&quot;,&quot;full_height&quot;:&quot;&quot;,&quot;cell_alignment&quot;:&quot;flex-start&quot;}\"  data-ratio=\"1\"  data-ratio-direction=\"right\" ><div id=\"pgc-gb94-6a05b434dd248-0-0\"  class=\"panel-grid-cell\"  data-style=\"{&quot;background_image_attachment&quot;:false,&quot;background_display&quot;:&quot;tile&quot;,&quot;vertical_alignment&quot;:&quot;auto&quot;}\"  data-weight=\"1\" ><div id=\"panel-gb94-6a05b434dd248-0-0-0\" class=\"widget_text so-panel widget widget_custom_html panel-first-child panel-last-child\" data-index=\"0\" data-style=\"{&quot;background_image_attachment&quot;:false,&quot;background_display&quot;:&quot;tile&quot;}\" ><div class=\"textwidget custom-html-widget\"><div style=\"font-size:20px\"><p>Teamwork wird bei uns seit mehr als 30 Jahren <strong>gro\u00df <\/strong>geschrieben. <\/p>\n<p>Durch unsere  unterschiedlichen Interessen und Erfahrungen erg\u00e4nzen wir uns ideal.  Dabei setzen alle auf ihre individuellen Schwerpunkte ohne die  Zusammenarbeit im Team aus den Augen zu verlieren. Gegenseitige  Unterst\u00fctzung ist f\u00fcr uns selbstverst\u00e4ndlich, sodass unsere Kunden vom  geballten Team-Wissen profitieren. So k\u00f6nnen wir die unterschiedlichsten  Auftr\u00e4ge stets zuverl\u00e4ssig und kompetent bearbeiten.<\/p>\n<p>Machen Sie sich doch  einfach n\u00e4her mit unseren Mitarbeiterinnen und Mitarbeitern bekannt.  Hier finden Sie bestimmt den passenden Spezialisten f\u00fcr Ihr ganz  pers\u00f6nliches Anliegen.<\/p>\n\n<\/div>\n<\/div><\/div><\/div><\/div><\/div>","protected":false},"excerpt":{"rendered":"","protected":false},"author":1,"featured_media":0,"parent":0,"menu_order":0,"comment_status":"closed","ping_status":"closed","template":"","meta":{"footnotes":""},"class_list":["post-94","page","type-page","status-publish","hentry"],"_links":{"self":[{"href":"https:\/\/www.kay-hagen.de\/index.php?rest_route=\/wp\/v2\/pages\/94"}],"collection":[{"href":"https:\/\/www.kay-hagen.de\/index.php?rest_route=\/wp\/v2\/pages"}],"about":[{"href":"https:\/\/www.kay-hagen.de\/index.php?rest_route=\/wp\/v2\/types\/page"}],"author":[{"embeddable":true,"href":"https:\/\/www.kay-hagen.de\/index.php?rest_route=\/wp\/v2\/users\/1"}],"replies":[{"embeddable":true,"href":"https:\/\/www.kay-hagen.de\/index.php?rest_route=%2Fwp%2Fv2%2Fcomments&post=94"}],"version-history":[{"count":11,"href":"https:\/\/www.kay-hagen.de\/index.php?rest_route=\/wp\/v2\/pages\/94\/revisions"}],"predecessor-version":[{"id":142,"href":"https:\/\/www.kay-hagen.de\/index.php?rest_route=\/wp\/v2\/pages\/94\/revisions\/142"}],"wp:attachment":[{"href":"https:\/\/www.kay-hagen.de\/index.php?rest_route=%2Fwp%2Fv2%2Fmedia&parent=94"}],"curies":[{"name":"wp","href":"https:\/\/api.w.org\/{rel}","templated":true}]}}