{"id":437,"date":"2021-08-05T07:36:21","date_gmt":"2021-08-05T07:36:21","guid":{"rendered":"https:\/\/www.kay-hagen.de\/?page_id=437"},"modified":"2021-08-09T13:46:03","modified_gmt":"2021-08-09T13:46:03","slug":"homeoffice","status":"publish","type":"page","link":"https:\/\/www.kay-hagen.de\/?page_id=437","title":{"rendered":"Homeoffice"},"content":{"rendered":"\n<div class=\"wp-block-group\"><div class=\"wp-block-group__inner-container is-layout-flow wp-block-group-is-layout-flow\">\n<div class=\"wp-block-group\"><div class=\"wp-block-group__inner-container is-layout-flow wp-block-group-is-layout-flow\"><div id=\"pl-gb437-6a05b45575eaa\"  class=\"panel-layout\" ><div id=\"pg-gb437-6a05b45575eaa-0\"  class=\"panel-grid panel-has-style\"  data-style=\"{&quot;background_image_attachment&quot;:false,&quot;background_display&quot;:&quot;tile&quot;,&quot;full_height&quot;:&quot;&quot;,&quot;cell_alignment&quot;:&quot;flex-start&quot;,&quot;video_fallback&quot;:false,&quot;overlay&quot;:&quot;1&quot;,&quot;separator_top&quot;:&quot;none&quot;,&quot;separator_bottom&quot;:&quot;none&quot;}\"  data-ratio=\"1\"  data-ratio-direction=\"right\" ><div data-overlay-opactity=\"1\" class=\"panel-row-style panel-row-style-for-gb437-6a05b45575eaa-0\" ><div id=\"pgc-gb437-6a05b45575eaa-0-0\"  class=\"panel-grid-cell\"  data-style=\"{&quot;background_image_attachment&quot;:false,&quot;background_display&quot;:&quot;tile&quot;,&quot;vertical_alignment&quot;:&quot;auto&quot;}\"  data-weight=\"1\" ><div id=\"panel-gb437-6a05b45575eaa-0-0-0\" class=\"so-panel widget widget_media_video panel-first-child\" data-index=\"0\" data-style=\"{&quot;background_image_attachment&quot;:false,&quot;background_display&quot;:&quot;tile&quot;}\" ><div style=\"width:100%;\" class=\"wp-video\"><!--[if lt IE 9]><script>document.createElement('video');<\/script><![endif]-->\n<video class=\"wp-video-shortcode\" id=\"video-437-1\" loop=\"1\" preload=\"auto\" controls=\"controls\"><source type=\"video\/mp4\" src=\"https:\/\/www.kay-hagen.de\/wp-content\/uploads\/2021\/08\/vpn-animation.mp4?_=1\" \/><source type=\"video\/mp4\" src=\"https:\/\/www.kay-hagen.de\/wp-content\/uploads\/2021\/08\/vpn-animation.mp4?_=1\" \/><a href=\"https:\/\/www.kay-hagen.de\/wp-content\/uploads\/2021\/08\/vpn-animation.mp4\">https:\/\/www.kay-hagen.de\/wp-content\/uploads\/2021\/08\/vpn-animation.mp4<\/a><\/video><\/div><\/div><div id=\"panel-gb437-6a05b45575eaa-0-0-1\" class=\"so-panel widget widget_text panel-last-child\" data-index=\"1\" data-style=\"{&quot;background_image_attachment&quot;:false,&quot;background_display&quot;:&quot;tile&quot;}\" ><h3 class=\"widget-title\">Homeoffice einrichten<\/h3>\t\t\t<div class=\"textwidget\"><p>&nbsp;<\/p>\n<p>Arbeitgeberinnen und Arbeitgeber k\u00f6nnen ihren Besch\u00e4ftigten freiwillig das Arbeiten im Homeoffice erm\u00f6glichen, um sie bestm\u00f6glich vor einer Infektion zu sch\u00fctzen.<br \/>\nWir richten Ihr Homeoffice ein. Dazu geh\u00f6rt u. a. das Einrichten einer VPN-Verbindung (Virtuell Privat Network) im Betrieb wie auch bei den Besch\u00e4ftigten sowie das Einrichten einer <a href=\"https:\/\/www.kay-hagen.de\/?page_id=405\">Firewall<\/a>. Die Firewall bietet einen umfassenden Schutz gegen &#8222;Eindringlinge&#8220; in Ihr System.<\/p>\n<p>Wir beraten Sie ein allen Fragen zur ben\u00f6tigten Soft- und Hardware.<\/p>\n<\/div>\n\t\t<\/div><\/div><\/div><\/div><\/div><\/div><\/div>\n<\/div><\/div>\n\n\n\n<p><\/p>\n","protected":false},"excerpt":{"rendered":"","protected":false},"author":1,"featured_media":0,"parent":0,"menu_order":0,"comment_status":"closed","ping_status":"closed","template":"","meta":{"footnotes":""},"class_list":["post-437","page","type-page","status-publish","hentry"],"_links":{"self":[{"href":"https:\/\/www.kay-hagen.de\/index.php?rest_route=\/wp\/v2\/pages\/437"}],"collection":[{"href":"https:\/\/www.kay-hagen.de\/index.php?rest_route=\/wp\/v2\/pages"}],"about":[{"href":"https:\/\/www.kay-hagen.de\/index.php?rest_route=\/wp\/v2\/types\/page"}],"author":[{"embeddable":true,"href":"https:\/\/www.kay-hagen.de\/index.php?rest_route=\/wp\/v2\/users\/1"}],"replies":[{"embeddable":true,"href":"https:\/\/www.kay-hagen.de\/index.php?rest_route=%2Fwp%2Fv2%2Fcomments&post=437"}],"version-history":[{"count":15,"href":"https:\/\/www.kay-hagen.de\/index.php?rest_route=\/wp\/v2\/pages\/437\/revisions"}],"predecessor-version":[{"id":495,"href":"https:\/\/www.kay-hagen.de\/index.php?rest_route=\/wp\/v2\/pages\/437\/revisions\/495"}],"wp:attachment":[{"href":"https:\/\/www.kay-hagen.de\/index.php?rest_route=%2Fwp%2Fv2%2Fmedia&parent=437"}],"curies":[{"name":"wp","href":"https:\/\/api.w.org\/{rel}","templated":true}]}}