{"id":405,"date":"2021-08-02T14:44:40","date_gmt":"2021-08-02T14:44:40","guid":{"rendered":"https:\/\/www.kay-hagen.de\/?page_id=405"},"modified":"2021-08-05T06:39:13","modified_gmt":"2021-08-05T06:39:13","slug":"firewall","status":"publish","type":"page","link":"https:\/\/www.kay-hagen.de\/?page_id=405","title":{"rendered":"Firewall"},"content":{"rendered":"<div id=\"pl-gb405-6a05b43485956\"  class=\"panel-layout\" ><div id=\"pg-gb405-6a05b43485956-0\"  class=\"panel-grid panel-has-style\"  data-style=\"{&quot;background_image_attachment&quot;:false,&quot;background_display&quot;:&quot;tile&quot;,&quot;full_height&quot;:&quot;&quot;,&quot;cell_alignment&quot;:&quot;flex-start&quot;,&quot;video_fallback&quot;:false,&quot;overlay&quot;:&quot;1&quot;,&quot;separator_top&quot;:&quot;none&quot;,&quot;separator_bottom&quot;:&quot;none&quot;}\"  data-ratio=\"1\"  data-ratio-direction=\"right\" ><div data-overlay-opactity=\"1\" class=\"panel-row-style panel-row-style-for-gb405-6a05b43485956-0\" ><div id=\"pgc-gb405-6a05b43485956-0-0\"  class=\"panel-grid-cell\"  data-weight=\"1\" ><div id=\"panel-gb405-6a05b43485956-0-0-0\" class=\"so-panel widget widget_metaslider_widget panel-first-child panel-last-child\" data-index=\"0\" data-style=\"{&quot;background_image_attachment&quot;:false,&quot;background_display&quot;:&quot;tile&quot;}\" ><div id=\"metaslider-id-420\" style=\"width: 100%; margin: 0 auto;\" class=\"ml-slider-3-90-1 metaslider metaslider-flex metaslider-420 ml-slider ms-theme-default\" role=\"region\" aria-roledescription=\"Slideshow\" aria-label=\"Securepoint\">\n    <div id=\"metaslider_container_420\">\n        <div id=\"metaslider_420\" class=\"flexslider\">\n            <ul class='slides'>\n                <li style=\"display: block; width: 100%;\" class=\"slide-428 ms-image \" aria-roledescription=\"slide\" aria-label=\"slide-428\"><img loading=\"lazy\" decoding=\"async\" src=\"https:\/\/www.kay-hagen.de\/wp-content\/uploads\/2021\/08\/p_firewall_3.png\" height=\"500\" width=\"1000\" alt=\"\" class=\"slider-420 slide-428\" title=\"p_firewall_3\" \/><div class=\"caption-wrap\"><div class=\"caption\">Firewall <br \/> Terra Black Dwarf G3 WiFi<\/div><\/div><\/li>\n                <li style=\"display: none; width: 100%;\" class=\"slide-429 ms-image \" aria-roledescription=\"slide\" aria-label=\"slide-429\"><img loading=\"lazy\" decoding=\"async\" src=\"https:\/\/www.kay-hagen.de\/wp-content\/uploads\/2021\/08\/p_firewall_2.png\" height=\"500\" width=\"1000\" alt=\"\" class=\"slider-420 slide-429\" title=\"p_firewall_2\" \/><div class=\"caption-wrap\"><div class=\"caption\">RC 100 \/ RC 200 G3 <br \/> Securepoint  NextGen UTM Firewall <br \/> Spezielle Hardware, geringe Stromaufnahme, passive K\u00fchlung<\/div><\/div><\/li>\n                <li style=\"display: none; width: 100%;\" class=\"slide-431 ms-image \" aria-roledescription=\"slide\" aria-label=\"slide-431\"><img loading=\"lazy\" decoding=\"async\" src=\"https:\/\/www.kay-hagen.de\/wp-content\/uploads\/2021\/08\/p_firewall_1.png\" height=\"500\" width=\"1000\" alt=\"\" class=\"slider-420 slide-431\" title=\"p_firewall_1\" \/><div class=\"caption-wrap\"><div class=\"caption\">UMA 215 HRR <br \/> E-Mail Archivierung f\u00fcr alle Gr\u00f6\u00dfen,  von kleinen Betrieben bis zu Cloud<\/div><\/div><\/li>\n                <li style=\"display: none; width: 100%;\" class=\"slide-434 ms-image \" aria-roledescription=\"slide\" aria-label=\"slide-434\"><img loading=\"lazy\" decoding=\"async\" src=\"https:\/\/www.kay-hagen.de\/wp-content\/uploads\/2021\/08\/p_anmeldeapp.png\" height=\"500\" width=\"1000\" alt=\"\" class=\"slider-420 slide-434\" title=\"p_anmeldeapp\" \/><div class=\"caption-wrap\"><div class=\"caption\">Verbindungs App <br \/> Mehrere VPN-Verbindungen sind m\u00f6glich<\/div><\/div><\/li>\n            <\/ul>\n        <\/div>\n        \n    <\/div>\n<\/div><\/div><\/div><\/div><\/div><div id=\"pg-gb405-6a05b43485956-1\"  class=\"panel-grid panel-has-style\"  data-style=\"{&quot;background_image_attachment&quot;:false,&quot;background_display&quot;:&quot;tile&quot;,&quot;full_height&quot;:&quot;&quot;,&quot;cell_alignment&quot;:&quot;flex-start&quot;,&quot;video_fallback&quot;:false,&quot;overlay&quot;:&quot;1&quot;,&quot;separator_top&quot;:&quot;none&quot;,&quot;separator_bottom&quot;:&quot;none&quot;}\"  data-ratio=\"1\"  data-ratio-direction=\"right\" ><div data-overlay-opactity=\"1\" class=\"panel-row-style panel-row-style-for-gb405-6a05b43485956-1\" ><div id=\"pgc-gb405-6a05b43485956-1-0\"  class=\"panel-grid-cell\"  data-weight=\"1\" ><div id=\"panel-gb405-6a05b43485956-1-0-0\" class=\"so-panel widget widget_text panel-first-child panel-last-child\" data-index=\"1\" data-style=\"{&quot;background_image_attachment&quot;:false,&quot;background_display&quot;:&quot;tile&quot;}\" >\t\t\t<div class=\"textwidget\"><p>Ganzheitliche IT-Sicherheitsl\u00f6sungen<\/p>\n<p><strong>Securepoint Unified Security<\/strong> bilden einen ganzheitlichen, umfassenden Schutz der sich wie die Schichten einer Zwiebel um die Kunden-IT legt.<\/p>\n<p><strong>Securepoint<\/strong> erm\u00f6glicht es kleinen und mittleren Unternehmen einen Schutz auf hohem Niveau zu erreichen der in der Branche einmalig ist.<\/p>\n<p>&nbsp;<\/p>\n<p>&nbsp;<\/p>\n<\/div>\n\t\t<\/div><\/div><\/div><\/div><\/div>","protected":false},"excerpt":{"rendered":"<p>Ganzheitliche IT-Sicherheitsl\u00f6sungen Securepoint Unified Security bilden einen ganzheitlichen, umfassenden Schutz der sich wie die Schichten einer Zwiebel um die Kunden-IT [&hellip;]<\/p>\n","protected":false},"author":1,"featured_media":0,"parent":0,"menu_order":0,"comment_status":"closed","ping_status":"closed","template":"","meta":{"footnotes":""},"class_list":["post-405","page","type-page","status-publish","hentry"],"_links":{"self":[{"href":"https:\/\/www.kay-hagen.de\/index.php?rest_route=\/wp\/v2\/pages\/405"}],"collection":[{"href":"https:\/\/www.kay-hagen.de\/index.php?rest_route=\/wp\/v2\/pages"}],"about":[{"href":"https:\/\/www.kay-hagen.de\/index.php?rest_route=\/wp\/v2\/types\/page"}],"author":[{"embeddable":true,"href":"https:\/\/www.kay-hagen.de\/index.php?rest_route=\/wp\/v2\/users\/1"}],"replies":[{"embeddable":true,"href":"https:\/\/www.kay-hagen.de\/index.php?rest_route=%2Fwp%2Fv2%2Fcomments&post=405"}],"version-history":[{"count":5,"href":"https:\/\/www.kay-hagen.de\/index.php?rest_route=\/wp\/v2\/pages\/405\/revisions"}],"predecessor-version":[{"id":436,"href":"https:\/\/www.kay-hagen.de\/index.php?rest_route=\/wp\/v2\/pages\/405\/revisions\/436"}],"wp:attachment":[{"href":"https:\/\/www.kay-hagen.de\/index.php?rest_route=%2Fwp%2Fv2%2Fmedia&parent=405"}],"curies":[{"name":"wp","href":"https:\/\/api.w.org\/{rel}","templated":true}]}}