{"id":300,"date":"2021-03-02T14:30:21","date_gmt":"2021-03-02T14:30:21","guid":{"rendered":"https:\/\/www.kay-hagen.de\/?page_id=300"},"modified":"2021-03-02T14:30:21","modified_gmt":"2021-03-02T14:30:21","slug":"service-reparatur","status":"publish","type":"page","link":"https:\/\/www.kay-hagen.de\/?page_id=300","title":{"rendered":"Service Reparatur"},"content":{"rendered":"<div id=\"pl-gb300-69d4f5ab669f2\"  class=\"panel-layout\" ><div id=\"pg-gb300-69d4f5ab669f2-0\"  class=\"panel-grid panel-no-style\" ><div id=\"pgc-gb300-69d4f5ab669f2-0-0\"  class=\"panel-grid-cell\"  data-weight=\"1\" ><div id=\"panel-gb300-69d4f5ab669f2-0-0-0\" class=\"so-panel widget widget_text panel-first-child panel-last-child\" data-index=\"0\" data-style=\"{&quot;background_image_attachment&quot;:false,&quot;background_display&quot;:&quot;tile&quot;}\" >\t\t\t<div class=\"textwidget\"><h1 class=\"\">In unserer Werkstatt oder Vorort<\/h1>\n<p>Wenn die Hardware\u00a0oder Software streikt, ist schnelle Hilfe gefordert.<\/p>\n<p>Mit unserer langj\u00e4hrigen Erfahrung im Service und Support stehen wir Ihnen dann zur Seite, in dringenden F\u00e4llen auch zu ungew\u00f6hnlichen Zeiten.<\/p>\n<p>Mit kurzen Reaktionszeiten sorgen wir daf\u00fcr, das Sie schnell wieder arbeiten k\u00f6nnen.<\/p>\n<\/div>\n\t\t<\/div><\/div><\/div><\/div>","protected":false},"excerpt":{"rendered":"<p>In unserer Werkstatt oder Vorort Wenn die Hardware\u00a0oder Software streikt, ist schnelle Hilfe gefordert. Mit unserer langj\u00e4hrigen Erfahrung im Service [&hellip;]<\/p>\n","protected":false},"author":1,"featured_media":0,"parent":0,"menu_order":0,"comment_status":"closed","ping_status":"closed","template":"","meta":{"footnotes":""},"class_list":["post-300","page","type-page","status-publish","hentry"],"_links":{"self":[{"href":"https:\/\/www.kay-hagen.de\/index.php?rest_route=\/wp\/v2\/pages\/300"}],"collection":[{"href":"https:\/\/www.kay-hagen.de\/index.php?rest_route=\/wp\/v2\/pages"}],"about":[{"href":"https:\/\/www.kay-hagen.de\/index.php?rest_route=\/wp\/v2\/types\/page"}],"author":[{"embeddable":true,"href":"https:\/\/www.kay-hagen.de\/index.php?rest_route=\/wp\/v2\/users\/1"}],"replies":[{"embeddable":true,"href":"https:\/\/www.kay-hagen.de\/index.php?rest_route=%2Fwp%2Fv2%2Fcomments&post=300"}],"version-history":[{"count":2,"href":"https:\/\/www.kay-hagen.de\/index.php?rest_route=\/wp\/v2\/pages\/300\/revisions"}],"predecessor-version":[{"id":306,"href":"https:\/\/www.kay-hagen.de\/index.php?rest_route=\/wp\/v2\/pages\/300\/revisions\/306"}],"wp:attachment":[{"href":"https:\/\/www.kay-hagen.de\/index.php?rest_route=%2Fwp%2Fv2%2Fmedia&parent=300"}],"curies":[{"name":"wp","href":"https:\/\/api.w.org\/{rel}","templated":true}]}}