{"id":279,"date":"2021-03-02T14:14:29","date_gmt":"2021-03-02T14:14:29","guid":{"rendered":"https:\/\/www.kay-hagen.de\/?page_id=279"},"modified":"2021-03-02T14:45:02","modified_gmt":"2021-03-02T14:45:02","slug":"computer","status":"publish","type":"page","link":"https:\/\/www.kay-hagen.de\/?page_id=279","title":{"rendered":"Computer"},"content":{"rendered":"<div id=\"pl-gb279-6a05b495760da\"  class=\"panel-layout\" ><div id=\"pg-gb279-6a05b495760da-0\"  class=\"panel-grid panel-has-style\"  data-style=\"{&quot;background_image_attachment&quot;:false,&quot;background_display&quot;:&quot;tile&quot;,&quot;full_height&quot;:&quot;&quot;,&quot;cell_alignment&quot;:&quot;flex-start&quot;,&quot;video_fallback&quot;:false,&quot;overlay&quot;:&quot;1&quot;,&quot;separator_top&quot;:&quot;none&quot;,&quot;separator_bottom&quot;:&quot;none&quot;}\"  data-ratio=\"1\"  data-ratio-direction=\"right\" ><div data-overlay-opactity=\"1\" class=\"panel-row-style panel-row-style-for-gb279-6a05b495760da-0\" ><div id=\"pgc-gb279-6a05b495760da-0-0\"  class=\"panel-grid-cell\"  data-style=\"{&quot;background_image_attachment&quot;:false,&quot;background_display&quot;:&quot;tile&quot;,&quot;vertical_alignment&quot;:&quot;auto&quot;}\"  data-weight=\"0.47739130434783\" ><div id=\"panel-gb279-6a05b495760da-0-0-0\" class=\"so-panel widget widget_media_image panel-first-child panel-last-child\" data-index=\"0\" data-style=\"{&quot;background_image_attachment&quot;:false,&quot;background_display&quot;:&quot;tile&quot;}\" ><h3 class=\"widget-title\">Von MINI bis MIDI<\/h3><img loading=\"lazy\" decoding=\"async\" width=\"300\" height=\"200\" src=\"https:\/\/www.kay-hagen.de\/wp-content\/uploads\/2021\/03\/Computer.jpg\" class=\"image wp-image-311  attachment-full size-full\" alt=\"\" style=\"max-width: 100%; height: auto;\" \/><\/div><\/div><div id=\"pgc-gb279-6a05b495760da-0-1\"  class=\"panel-grid-cell\"  data-style=\"{&quot;background_image_attachment&quot;:false,&quot;background_display&quot;:&quot;tile&quot;,&quot;vertical_alignment&quot;:&quot;auto&quot;}\"  data-weight=\"0.52260869565217\" ><div id=\"panel-gb279-6a05b495760da-0-1-0\" class=\"so-panel widget widget_text panel-first-child panel-last-child\" data-index=\"1\" data-style=\"{&quot;background_image_attachment&quot;:false,&quot;background_display&quot;:&quot;tile&quot;}\" >\t\t\t<div class=\"textwidget\"><p>Mit unseren MINIPC\u00b4s wird Green IT realisiert. Ob Briefe schreiben, im Internet surfen, Emails bearbeiten oder als Terminalclient, f\u00fcr einfache Anwendungen im t\u00e4glichen Gebrauch bietet dieses Ger\u00e4t gen\u00fcgend Leistung und Kapazit\u00e4t bei geringer Leistungsaufnahme.<br \/>\nDie Ma\u00dfe betragen ca. BxHxT: 26cm x 10cm x 25cm.<\/p>\n<p>Barebone PC\u00b4s sind Leistungsf\u00e4hige Computer mit wenig Platzbedarf. In der Grundausstattung bringt dieses Ger\u00e4t alles mit, um als vollwertige Arbeitsstation eingesetzt zu werden. Je nach Ausf\u00fchrung ist eine Erweiterung des System durch zus\u00e4tzliche Hardware Komponenten m\u00f6glich.<br \/>\nDie Ma\u00dfe betragen ca. BxHxT: 20cm x 20cm x 32cm.<\/p>\n<p>MIDI TOWER ist die h\u00e4ufigst genutzte Bauform im PC Bereich. Die eingebaute Hardware ist sehr vielf\u00e4ltig und kann\u00a0in zahlreichen Konfigurationen kombiniert werden.<br \/>\nDie Ma\u00dfe betragen ca. BxHxT: 20cm x 45cm x 50cm.<\/p>\n<\/div>\n\t\t<\/div><\/div><\/div><\/div><\/div>","protected":false},"excerpt":{"rendered":"<p>Mit unseren MINIPC\u00b4s wird Green IT realisiert. Ob Briefe schreiben, im Internet surfen, Emails bearbeiten oder als Terminalclient, f\u00fcr einfache [&hellip;]<\/p>\n","protected":false},"author":1,"featured_media":0,"parent":0,"menu_order":0,"comment_status":"closed","ping_status":"closed","template":"","meta":{"footnotes":""},"class_list":["post-279","page","type-page","status-publish","hentry"],"_links":{"self":[{"href":"https:\/\/www.kay-hagen.de\/index.php?rest_route=\/wp\/v2\/pages\/279"}],"collection":[{"href":"https:\/\/www.kay-hagen.de\/index.php?rest_route=\/wp\/v2\/pages"}],"about":[{"href":"https:\/\/www.kay-hagen.de\/index.php?rest_route=\/wp\/v2\/types\/page"}],"author":[{"embeddable":true,"href":"https:\/\/www.kay-hagen.de\/index.php?rest_route=\/wp\/v2\/users\/1"}],"replies":[{"embeddable":true,"href":"https:\/\/www.kay-hagen.de\/index.php?rest_route=%2Fwp%2Fv2%2Fcomments&post=279"}],"version-history":[{"count":7,"href":"https:\/\/www.kay-hagen.de\/index.php?rest_route=\/wp\/v2\/pages\/279\/revisions"}],"predecessor-version":[{"id":318,"href":"https:\/\/www.kay-hagen.de\/index.php?rest_route=\/wp\/v2\/pages\/279\/revisions\/318"}],"wp:attachment":[{"href":"https:\/\/www.kay-hagen.de\/index.php?rest_route=%2Fwp%2Fv2%2Fmedia&parent=279"}],"curies":[{"name":"wp","href":"https:\/\/api.w.org\/{rel}","templated":true}]}}