{"id":270,"date":"2021-03-02T14:04:31","date_gmt":"2021-03-02T14:04:31","guid":{"rendered":"https:\/\/www.kay-hagen.de\/?page_id=270"},"modified":"2021-08-02T10:32:48","modified_gmt":"2021-08-02T10:32:48","slug":"hardware-allgemein","status":"publish","type":"page","link":"https:\/\/www.kay-hagen.de\/?page_id=270","title":{"rendered":"Hardware allgemein"},"content":{"rendered":"<div id=\"pl-gb270-69d4f585ed789\"  class=\"panel-layout\" ><div id=\"pg-gb270-69d4f585ed789-0\"  class=\"panel-grid panel-no-style\" ><div id=\"pgc-gb270-69d4f585ed789-0-0\"  class=\"panel-grid-cell\"  data-weight=\"1\" ><div id=\"panel-gb270-69d4f585ed789-0-0-0\" class=\"so-panel widget widget_text panel-first-child panel-last-child\" data-index=\"0\" data-style=\"{&quot;background_image_attachment&quot;:false,&quot;background_display&quot;:&quot;tile&quot;}\" >\t\t\t<div class=\"textwidget\"><h1 class=\"\">Hardware<\/h1>\n<p>Im Bereich der Hardware k\u00f6nnen wir Ihnen ein breit gef\u00e4chertes Sortiment anbieten das kaum W\u00fcnsche offen l\u00e4\u00dft, auf Ihre Bed\u00fcrfnisse abgestimmt und optimiert.<\/p>\n<p>Ob Einzelarbeitsplatz, Server- Clientl\u00f6sungen oder Heim-PC, wir entwickeln mit Ihnen zusammen die f\u00fcr Sie passende L\u00f6sung mit allem was dazu geh\u00f6rt.<\/p>\n<p>Der Speicherbedarf wird in den Betrieben immer gr\u00f6\u00dfer. Auch hier bieten wir verschiedene L\u00f6sungen, z.B. Netzwerkspeicher, sogenannte NAS-Systeme, auf Linux- oder Windowsbasis an.<\/p>\n<p>Aber nicht nur im Gesch\u00e4ftsbereich auch im Heimbereich wird Speicherplatz ben\u00f6tigt um Bilder, Emails und Dokumente sicher zu speichern. Ein weiterer Vorteil solcher Systeme ist der Zugriff auf Daten unabh\u00e4ngig von verschiedenen Computern im Heimnetzwerk und das zu jeder Zeit.<\/p>\n<p>IT-Systeme und Telekommunikation wie Telefonie und Fax werden h\u00e4ufig noch getrennt behandelt, obwohl viele Computersysteme schon mit Anruferkennung\u00a0und w\u00e4hlen aus Programmen ausgestattet sind. Wir bieten daher den Aufbau von EDV Netzwerken und TK-Anlagen, sowie deren Administration aus einer Hand.<\/p>\n<p>Cyber-Angriffe werden immer h\u00e4ufiger. Wir liefern und richten bei Bedarf eine <em>Securepiont<\/em>-Firewall nach dem neuesten Stand der <strong>EU DS-GVU<\/strong> ein. <\/p>\n<p>Sprechen Sie uns an!<\/p>\n<p>Wir erarbeiten nach Ihren W\u00fcnschen und Vorgaben eine L\u00f6sung und erstellen Ihnen ein faires Angebot.<\/p>\n<\/div>\n\t\t<\/div><\/div><\/div><\/div>","protected":false},"excerpt":{"rendered":"<p>Hardware Im Bereich der Hardware k\u00f6nnen wir Ihnen ein breit gef\u00e4chertes Sortiment anbieten das kaum W\u00fcnsche offen l\u00e4\u00dft, auf Ihre [&hellip;]<\/p>\n","protected":false},"author":1,"featured_media":0,"parent":0,"menu_order":0,"comment_status":"closed","ping_status":"closed","template":"","meta":{"footnotes":""},"class_list":["post-270","page","type-page","status-publish","hentry"],"_links":{"self":[{"href":"https:\/\/www.kay-hagen.de\/index.php?rest_route=\/wp\/v2\/pages\/270"}],"collection":[{"href":"https:\/\/www.kay-hagen.de\/index.php?rest_route=\/wp\/v2\/pages"}],"about":[{"href":"https:\/\/www.kay-hagen.de\/index.php?rest_route=\/wp\/v2\/types\/page"}],"author":[{"embeddable":true,"href":"https:\/\/www.kay-hagen.de\/index.php?rest_route=\/wp\/v2\/users\/1"}],"replies":[{"embeddable":true,"href":"https:\/\/www.kay-hagen.de\/index.php?rest_route=%2Fwp%2Fv2%2Fcomments&post=270"}],"version-history":[{"count":4,"href":"https:\/\/www.kay-hagen.de\/index.php?rest_route=\/wp\/v2\/pages\/270\/revisions"}],"predecessor-version":[{"id":355,"href":"https:\/\/www.kay-hagen.de\/index.php?rest_route=\/wp\/v2\/pages\/270\/revisions\/355"}],"wp:attachment":[{"href":"https:\/\/www.kay-hagen.de\/index.php?rest_route=%2Fwp%2Fv2%2Fmedia&parent=270"}],"curies":[{"name":"wp","href":"https:\/\/api.w.org\/{rel}","templated":true}]}}