{"id":217,"date":"2021-02-18T16:03:33","date_gmt":"2021-02-18T16:03:33","guid":{"rendered":"https:\/\/www.kay-hagen.de\/?page_id=217"},"modified":"2021-08-02T10:11:28","modified_gmt":"2021-08-02T10:11:28","slug":"partner","status":"publish","type":"page","link":"https:\/\/www.kay-hagen.de\/?page_id=217","title":{"rendered":"Partner"},"content":{"rendered":"<div id=\"pl-gb217-6a05b46d0fe83\"  class=\"panel-layout\" ><div id=\"pg-gb217-6a05b46d0fe83-0\"  class=\"panel-grid panel-no-style\"  data-style=\"{&quot;background_image_attachment&quot;:false,&quot;background_display&quot;:&quot;tile&quot;,&quot;full_height&quot;:&quot;&quot;,&quot;cell_alignment&quot;:&quot;flex-start&quot;}\" ><div id=\"pgc-gb217-6a05b46d0fe83-0-0\"  class=\"panel-grid-cell\"  data-weight=\"0.5\" ><div id=\"panel-gb217-6a05b46d0fe83-0-0-0\" class=\"widget_text so-panel widget widget_custom_html panel-first-child\" data-index=\"0\" data-style=\"{&quot;background_image_attachment&quot;:false,&quot;background_display&quot;:&quot;tile&quot;}\" ><div class=\"textwidget custom-html-widget\"><div align='center'>\n\n<a href=\"https:\/\/www.acronis.de\" target=\"_blank\" rel=\"noopener\"><img decoding=\"async\"  class=\"alignnone size-full wp-image-16\" src=\"https:\/\/www.kay-hagen.de\/wp-content\/uploads\/2021\/06\/Acronis_authorized_reseller_dark.png\" alt=\"Diamant\" width=\"80%\" height=\"80%\" ><\/a> \n\t\n<\/div>\n<\/div><\/div><div id=\"panel-gb217-6a05b46d0fe83-0-0-1\" class=\"so-panel widget widget_text panel-last-child\" data-index=\"1\" data-style=\"{&quot;background_image_attachment&quot;:false,&quot;background_display&quot;:&quot;tile&quot;}\" >\t\t\t<div class=\"textwidget\"><p>Acronis bietet Storage-Management-L\u00f6sungen f\u00fcr gesch\u00e4ftskritische Anwendungen, die technologisch anspruchsvoll und hoch entwickelt, aber einfach zu nutzen sind. Mit umfassenden Systeml\u00f6sungen f\u00fcr Gesch\u00e4fts- und Privatkunden ist Acronis ein f\u00fchrender Anbieter im Bereich Disk-Imaging, Desaster-Recovery, Backup, bare-metal Restore, Verwaltung von Partitionen, Boot-Management, Privacy, Datenl\u00f6schung sowie anderen Aufgaben zur Datentr\u00e4gerverwaltung.<\/p>\n<\/div>\n\t\t<\/div><\/div><div id=\"pgc-gb217-6a05b46d0fe83-0-1\"  class=\"panel-grid-cell\"  data-weight=\"0.5\" ><div id=\"panel-gb217-6a05b46d0fe83-0-1-0\" class=\"widget_text so-panel widget widget_custom_html panel-first-child\" data-index=\"2\" data-style=\"{&quot;background_image_attachment&quot;:false,&quot;background_display&quot;:&quot;tile&quot;}\" ><div class=\"textwidget custom-html-widget\"><div align='center'>\n\n<a href=\"http:\/\/www.strato.de\" target=\"_blank\" rel=\"noopener\"><img decoding=\"async\"  class=\"alignnone size-full wp-image-16\" src=\"https:\/\/www.kay-hagen.de\/wp-content\/uploads\/2021\/02\/p_strato.png\" alt=\"\" width=\"30%\" height=\"30%\" ><\/a> \n\t\n<\/div>\n<\/div><\/div><div id=\"panel-gb217-6a05b46d0fe83-0-1-1\" class=\"so-panel widget widget_text panel-last-child\" data-index=\"3\" data-style=\"{&quot;background_image_attachment&quot;:false,&quot;background_display&quot;:&quot;tile&quot;}\" >\t\t\t<div class=\"textwidget\"><p>Die Strato AG (Eigenschreibweise: STRATO) ist ein Internetdienstanbieter mit Sitz in Berlin. Sie ist eine Tochtergesellschaft der b\u00f6rsennotierten Deutschen Telekom. Strato selbst ist nicht b\u00f6rsennotiert.Strato ist mit ca. 1,2 Million Kunden und ca. vier Millionen gehosteten Domains hinter United Internet der zweitgr\u00f6\u00dfte Anbieter auf dem europ\u00e4ischen Webhosting-Markt. Das Unternehmen besch\u00e4ftigt insgesamt rund 490 Mitarbeiter, darin eingeschlossen die Mitarbeiter der Tochterfirma Cronon AG.<\/p>\n<\/div>\n\t\t<\/div><\/div><\/div><div id=\"pg-gb217-6a05b46d0fe83-1\"  class=\"panel-grid panel-no-style\"  data-style=\"{&quot;background_image_attachment&quot;:false,&quot;background_display&quot;:&quot;tile&quot;,&quot;full_height&quot;:&quot;&quot;,&quot;cell_alignment&quot;:&quot;flex-start&quot;}\" ><div id=\"pgc-gb217-6a05b46d0fe83-1-0\"  class=\"panel-grid-cell\"  data-weight=\"0.5\" ><div id=\"panel-gb217-6a05b46d0fe83-1-0-0\" class=\"widget_text so-panel widget widget_custom_html panel-first-child\" data-index=\"4\" data-style=\"{&quot;background_image_attachment&quot;:false,&quot;background_display&quot;:&quot;tile&quot;}\" ><div class=\"textwidget custom-html-widget\"><div align='center'>\n\n<a href=\"https:\/\/www.vodafone.de\" target=\"_blank\" rel=\"noopener\"><img decoding=\"async\"  class=\"alignnone size-full wp-image-16\" src=\"https:\/\/www.kay-hagen.de\/wp-content\/uploads\/2021\/02\/p_vodafone.png\" alt=\"\" width=\"30%\" height=\"30%\" ><\/a> \n\t\n<\/div>\n<\/div><\/div><div id=\"panel-gb217-6a05b46d0fe83-1-0-1\" class=\"so-panel widget widget_text panel-last-child\" data-index=\"5\" data-style=\"{&quot;background_image_attachment&quot;:false,&quot;background_display&quot;:&quot;tile&quot;}\" >\t\t\t<div class=\"textwidget\"><p>Die Vodafone GmbH ist die deutsche Tochter der britischen Mobilfunkgesellschaft Vodafone Group. Sie bietet in Deutschland Mobilfunk, DSL, LTE, Festnetztelefonie und IPTV an.<\/p>\n<\/div>\n\t\t<\/div><\/div><div id=\"pgc-gb217-6a05b46d0fe83-1-1\"  class=\"panel-grid-cell\"  data-weight=\"0.5\" ><div id=\"panel-gb217-6a05b46d0fe83-1-1-0\" class=\"widget_text so-panel widget widget_custom_html panel-first-child\" data-index=\"6\" data-style=\"{&quot;background_image_attachment&quot;:false,&quot;background_display&quot;:&quot;tile&quot;}\" ><div class=\"textwidget custom-html-widget\"><div align='center'>\n\n<a href=\"http:\/\/www.amicron.org\" target=\"_blank\" rel=\"noopener\"><img decoding=\"async\"  class=\"alignnone size-full wp-image-16\" src=\"https:\/\/www.kay-hagen.de\/wp-content\/uploads\/2021\/02\/p_amicron.png\" alt=\"\" width=\"30%\" height=\"30%\" ><\/a> \n\t\n<\/div>\n<\/div><\/div><div id=\"panel-gb217-6a05b46d0fe83-1-1-1\" class=\"so-panel widget widget_text panel-last-child\" data-index=\"7\" data-style=\"{&quot;background_image_attachment&quot;:false,&quot;background_display&quot;:&quot;tile&quot;}\" >\t\t\t<div class=\"textwidget\"><p>AMICRON-FAKTURA 11 ist die bew\u00e4hrte L\u00f6sung zur Auftragsbearbeitung f\u00fcr kleine und mittlere Betriebe, den Einzel- und Gro\u00dfhandel und dem Dienstleistungsgewerbe. Das Programm wird seit 1990 in \u00fcber 300 verschiedenen Branchen genutzt, von A wie Aluminiumbau bis Z wie Zahntechnik.<\/p>\n<\/div>\n\t\t<\/div><\/div><\/div><div id=\"pg-gb217-6a05b46d0fe83-2\"  class=\"panel-grid panel-no-style\"  data-style=\"{&quot;background_image_attachment&quot;:false,&quot;background_display&quot;:&quot;tile&quot;,&quot;full_height&quot;:&quot;&quot;,&quot;cell_alignment&quot;:&quot;flex-start&quot;}\" ><div id=\"pgc-gb217-6a05b46d0fe83-2-0\"  class=\"panel-grid-cell\"  data-weight=\"0.5\" ><div id=\"panel-gb217-6a05b46d0fe83-2-0-0\" class=\"widget_text so-panel widget widget_custom_html panel-first-child\" data-index=\"8\" data-style=\"{&quot;background_image_attachment&quot;:false,&quot;background_display&quot;:&quot;tile&quot;}\" ><div class=\"textwidget custom-html-widget\"><div align='center'>\n\n<a href=\"https:\/\/www.magix.com\/de\" target=\"_blank\" rel=\"noopener\"><img decoding=\"async\"  class=\"alignnone size-full wp-image-16\" src=\"https:\/\/www.kay-hagen.de\/wp-content\/uploads\/2021\/02\/p_magix.png\" alt=\"\" width=\"30%\" height=\"30%\" ><\/a> \n\t\n<\/div>\n<\/div><\/div><div id=\"panel-gb217-6a05b46d0fe83-2-0-1\" class=\"so-panel widget widget_text panel-last-child\" data-index=\"9\" data-style=\"{&quot;background_image_attachment&quot;:false,&quot;background_display&quot;:&quot;tile&quot;}\" >\t\t\t<div class=\"textwidget\"><p>Die Magix AG (als Markenbezeichnung in der Schreibweise MAGIX) ist ein international t\u00e4tiger Softwarehersteller mit den Schwerpunkten Multimedia-Software und -Dienste. Das Unternehmen hat seinen Hauptsitz in Berlin.Das Produkt- und Dienstleistungsangebot der Magix AG umfasst L\u00f6sungen insbesondere f\u00fcr Import, Verwaltung, Archivierung und Formatumwandlung f\u00fcr Fotos, Videos und Musik von digitalen wie analogen Ger\u00e4ten und Gestaltung, Bearbeitung und Pr\u00e4sentation von Fotos, Videos und Musik sowie von individuellen Inhalten.Software f\u00fcr multimediale Produkte entwickelt und vertreibt Magix seit 1994, als das Unternehmen mit \u201eMagix Music Maker\u201c den Vertrieb solcher Produkte aufnahm. Grundlage der Produkte von Magix ist eine Software f\u00fcr professionelle Musikproduktion, die von Magix unter der Marke Samplitude heute angeboten wird.<\/p>\n<\/div>\n\t\t<\/div><\/div><div id=\"pgc-gb217-6a05b46d0fe83-2-1\"  class=\"panel-grid-cell\"  data-weight=\"0.5\" ><div id=\"panel-gb217-6a05b46d0fe83-2-1-0\" class=\"widget_text so-panel widget widget_custom_html panel-first-child\" data-index=\"10\" data-style=\"{&quot;background_image_attachment&quot;:false,&quot;background_display&quot;:&quot;tile&quot;}\" ><div class=\"textwidget custom-html-widget\"><div align='center'>\n\n<a href=\"http:\/\/www.gfisoftware.de\" target=\"_blank\" rel=\"noopener\"><img decoding=\"async\"  class=\"alignnone size-full wp-image-16\" src=\"https:\/\/www.kay-hagen.de\/wp-content\/uploads\/2021\/02\/p_gfi.png\" alt=\"\" width=\"30%\" height=\"30%\" ><\/a> \n\t\n<\/div>\n<\/div><\/div><div id=\"panel-gb217-6a05b46d0fe83-2-1-1\" class=\"so-panel widget widget_text panel-last-child\" data-index=\"11\" data-style=\"{&quot;background_image_attachment&quot;:false,&quot;background_display&quot;:&quot;tile&quot;}\" >\t\t\t<div class=\"textwidget\"><p>GFI ist ein f\u00fchrender Entwickler von Software-Produkten f\u00fcr Netzwerk- und Inhaltssicherheit sowie von Kommunikationsl\u00f6sungen. Das Produkt-Portfolio von GFI umfasst die Sicherheitsl\u00f6sung GFI MailSecurity zur \u00dcberpr\u00fcfung von E-Mail-Inhalten und zum Schutz vor E-Mail-basierten Viren und Exploits, die Server-basierte Anti-Spam-Software GFI MailEssentials, die E-Mail-Archivierungsl\u00f6sung GFI MailArchiver, die Fax-Server-Software GFI FAXmaker, die Monitoring-L\u00f6sung GFI Network Server Monitor f\u00fcr Warnungen bei Netzwerk- und Server-Problemen und deren Behebung, GFI LANguard Network Security Scanner (N.S.S.) f\u00fcr Netzwerk-Sicherheitsscans und Patch-Management, GFI LANguard Security Event Log Monitor (S.E.L.M.) zur netzwerkweiten \u00dcberwachung und Verwaltung von Ereignisprotokollen, GFI EndPointSecurity zur netzwerkweiten Kontrolle wechselbarer Speichermedien sowie GFI WebMonitor zur \u00dcberwachung von HTTP\/FTP-Verbindungen mit Virenschutz f\u00fcr ISA Server.<\/p>\n<\/div>\n\t\t<\/div><\/div><\/div><div id=\"pg-gb217-6a05b46d0fe83-3\"  class=\"panel-grid panel-no-style\"  data-style=\"{&quot;background_image_attachment&quot;:false,&quot;background_display&quot;:&quot;tile&quot;,&quot;full_height&quot;:&quot;&quot;,&quot;cell_alignment&quot;:&quot;flex-start&quot;}\" ><div id=\"pgc-gb217-6a05b46d0fe83-3-0\"  class=\"panel-grid-cell\"  data-weight=\"0.5\" ><div id=\"panel-gb217-6a05b46d0fe83-3-0-0\" class=\"widget_text so-panel widget widget_custom_html panel-first-child\" data-index=\"12\" data-style=\"{&quot;background_image_attachment&quot;:false,&quot;background_display&quot;:&quot;tile&quot;}\" ><div class=\"textwidget custom-html-widget\"><div align='center'>\n\n<a href=\"https:\/\/powerquality.eaton.de\" target=\"_blank\" rel=\"noopener\"><img decoding=\"async\"  class=\"alignnone size-full wp-image-16\" src=\"https:\/\/www.kay-hagen.de\/wp-content\/uploads\/2021\/02\/p_eaton.png\" alt=\"\" width=\"30%\" height=\"30%\" ><\/a> \n\t\n<\/div>\n<\/div><\/div><div id=\"panel-gb217-6a05b46d0fe83-3-0-1\" class=\"so-panel widget widget_text panel-last-child\" data-index=\"13\" data-style=\"{&quot;background_image_attachment&quot;:false,&quot;background_display&quot;:&quot;tile&quot;}\" >\t\t\t<div class=\"textwidget\"><p>Acronis bietet Storage-Management-L\u00f6sungen f\u00fcr gesch\u00e4ftskritische Anwendungen, die technologisch anspruchsvoll und hoch entwickelt, aber einfach zu nutzen sind. Mit umfassenden Systeml\u00f6sungen f\u00fcr Gesch\u00e4fts- und Privatkunden ist Acronis ein f\u00fchrender Anbieter im Bereich Disk-Imaging, Desaster-Recovery, Backup, bare-metal Restore, Verwaltung von Partitionen, Boot-Management, Privacy, Datenl\u00f6schung sowie anderen Aufgaben zur Datentr\u00e4gerverwaltung.<\/p>\n<\/div>\n\t\t<\/div><\/div><div id=\"pgc-gb217-6a05b46d0fe83-3-1\"  class=\"panel-grid-cell\"  data-weight=\"0.5\" ><div id=\"panel-gb217-6a05b46d0fe83-3-1-0\" class=\"widget_text so-panel widget widget_custom_html panel-first-child\" data-index=\"14\" data-style=\"{&quot;background_image_attachment&quot;:false,&quot;background_display&quot;:&quot;tile&quot;}\" ><div class=\"textwidget custom-html-widget\"><div align='center'>\n<a><\/a>\n<a href=\"http:\/\/www.securepoint.de\" target=\"_blank\" rel=\"noopener\"><img decoding=\"async\"  class=\"alignnone size-full wp-image-16\" src=\"https:\/\/www.kay-hagen.de\/wp-content\/uploads\/2021\/08\/p_securepoint.png\" alt=\"\" width=\"80%\" height=\"80%\" ><\/a><a> <\/a>\n\n<\/div>\n<\/div><\/div><div id=\"panel-gb217-6a05b46d0fe83-3-1-1\" class=\"so-panel widget widget_text panel-last-child\" data-index=\"15\" data-style=\"{&quot;background_image_attachment&quot;:false,&quot;background_display&quot;:&quot;tile&quot;}\" >\t\t\t<div class=\"textwidget\"><p>&nbsp;<\/p>\n<p><em>Securepoint <\/em>bietet einen umfassenden Netzwerkschutz, zuverl\u00e4ssige Abwehr von Spionage, Ransomware und Cyber-Angriffen. Dadurch ist ein sicheres Arbeiten im Homeoffice-Betrieb gew\u00e4hrleistet. Unerw\u00fcnschte Zugriffe werden durch klare Regeln f\u00fcr den Datenverkehr &#8211; eingehende und ausgehende Daten &#8211; verhindert. Datensicherheit nach EU DS-GVO wird auf dem h\u00f6chsten Standard dank \u201ePrivacy by Design\u201c und Entwicklungsstandort Deutschland sicher gestellt. <\/p>\n<\/div>\n\t\t<\/div><\/div><\/div><\/div>\n\n\n<p><\/p>\n","protected":false},"excerpt":{"rendered":"<p>Acronis bietet Storage-Management-L\u00f6sungen f\u00fcr gesch\u00e4ftskritische Anwendungen, die technologisch anspruchsvoll und hoch entwickelt, aber einfach zu nutzen sind. Mit umfassenden Systeml\u00f6sungen [&hellip;]<\/p>\n","protected":false},"author":1,"featured_media":0,"parent":0,"menu_order":0,"comment_status":"closed","ping_status":"closed","template":"","meta":{"footnotes":""},"class_list":["post-217","page","type-page","status-publish","hentry"],"_links":{"self":[{"href":"https:\/\/www.kay-hagen.de\/index.php?rest_route=\/wp\/v2\/pages\/217"}],"collection":[{"href":"https:\/\/www.kay-hagen.de\/index.php?rest_route=\/wp\/v2\/pages"}],"about":[{"href":"https:\/\/www.kay-hagen.de\/index.php?rest_route=\/wp\/v2\/types\/page"}],"author":[{"embeddable":true,"href":"https:\/\/www.kay-hagen.de\/index.php?rest_route=\/wp\/v2\/users\/1"}],"replies":[{"embeddable":true,"href":"https:\/\/www.kay-hagen.de\/index.php?rest_route=%2Fwp%2Fv2%2Fcomments&post=217"}],"version-history":[{"count":27,"href":"https:\/\/www.kay-hagen.de\/index.php?rest_route=\/wp\/v2\/pages\/217\/revisions"}],"predecessor-version":[{"id":348,"href":"https:\/\/www.kay-hagen.de\/index.php?rest_route=\/wp\/v2\/pages\/217\/revisions\/348"}],"wp:attachment":[{"href":"https:\/\/www.kay-hagen.de\/index.php?rest_route=%2Fwp%2Fv2%2Fmedia&parent=217"}],"curies":[{"name":"wp","href":"https:\/\/api.w.org\/{rel}","templated":true}]}}