{"id":163,"date":"2021-02-18T14:38:22","date_gmt":"2021-02-18T14:38:22","guid":{"rendered":"https:\/\/www.kay-hagen.de\/?page_id=163"},"modified":"2021-02-18T15:44:23","modified_gmt":"2021-02-18T15:44:23","slug":"standardsoftware-fuer-ihre-edv","status":"publish","type":"page","link":"https:\/\/www.kay-hagen.de\/?page_id=163","title":{"rendered":"Standardsoftware"},"content":{"rendered":"<div id=\"pl-gb163-6a05b7607e62c\"  class=\"panel-layout\" ><div id=\"pg-gb163-6a05b7607e62c-0\"  class=\"panel-grid panel-no-style\" ><div id=\"pgc-gb163-6a05b7607e62c-0-0\"  class=\"panel-grid-cell\"  data-weight=\"1\" ><div id=\"panel-gb163-6a05b7607e62c-0-0-0\" class=\"so-panel widget widget_text panel-first-child panel-last-child\" data-index=\"0\" data-style=\"{&quot;background_image_attachment&quot;:false,&quot;background_display&quot;:&quot;tile&quot;}\" ><h3 class=\"widget-title\">Standardsoftware f\u00fcr Ihre EDV<\/h3>\t\t\t<div class=\"textwidget\"><p>Vom Smallbusiness Server \u00fcber Officeprodukte bis hin zur preisg\u00fcnstigen Faktura k\u00f6nnen Sie bei uns alles bekommen.<\/p>\n<p>F\u00fcr jede Betriebsgr\u00f6\u00dfe liefern und installieren wir Standardsoftware und bieten Ihnen einen schnellen und kompetenten Service.<\/p>\n<p>Wir richten Datenanbindungen ans Internet sowie Fernzug\u00e4nge von Heimarbeitspl\u00e4tzen \u00fcber VPN oder RAS ein.<\/p>\n<p>Gerne beraten wir Sie.<\/p>\n<\/div>\n\t\t<\/div><\/div><\/div><\/div>","protected":false},"excerpt":{"rendered":"<p>Vom Smallbusiness Server \u00fcber Officeprodukte bis hin zur preisg\u00fcnstigen Faktura k\u00f6nnen Sie bei uns alles bekommen. F\u00fcr jede Betriebsgr\u00f6\u00dfe liefern [&hellip;]<\/p>\n","protected":false},"author":1,"featured_media":0,"parent":0,"menu_order":0,"comment_status":"closed","ping_status":"closed","template":"","meta":{"footnotes":""},"class_list":["post-163","page","type-page","status-publish","hentry"],"_links":{"self":[{"href":"https:\/\/www.kay-hagen.de\/index.php?rest_route=\/wp\/v2\/pages\/163"}],"collection":[{"href":"https:\/\/www.kay-hagen.de\/index.php?rest_route=\/wp\/v2\/pages"}],"about":[{"href":"https:\/\/www.kay-hagen.de\/index.php?rest_route=\/wp\/v2\/types\/page"}],"author":[{"embeddable":true,"href":"https:\/\/www.kay-hagen.de\/index.php?rest_route=\/wp\/v2\/users\/1"}],"replies":[{"embeddable":true,"href":"https:\/\/www.kay-hagen.de\/index.php?rest_route=%2Fwp%2Fv2%2Fcomments&post=163"}],"version-history":[{"count":11,"href":"https:\/\/www.kay-hagen.de\/index.php?rest_route=\/wp\/v2\/pages\/163\/revisions"}],"predecessor-version":[{"id":215,"href":"https:\/\/www.kay-hagen.de\/index.php?rest_route=\/wp\/v2\/pages\/163\/revisions\/215"}],"wp:attachment":[{"href":"https:\/\/www.kay-hagen.de\/index.php?rest_route=%2Fwp%2Fv2%2Fmedia&parent=163"}],"curies":[{"name":"wp","href":"https:\/\/api.w.org\/{rel}","templated":true}]}}